{"id":2,"date":"2024-04-01T01:26:27","date_gmt":"2024-04-01T01:26:27","guid":{"rendered":"http:\/\/lacucakits.blog\/?page_id=2"},"modified":"2024-04-16T22:14:41","modified_gmt":"2024-04-16T22:14:41","slug":"pagina-ejemplo","status":"publish","type":"page","link":"https:\/\/lacucakits.blog\/?page_id=2","title":{"rendered":"Sobre nosotros"},"content":{"rendered":"\n<p>Lacucakits nace con la intenci\u00f3n de ser el punto de encuentro y referencia de tod@s los aficionad@s a la costura, al \u00abDo It Yourself\u00bb, al cuidado de nuestra imagen&#8230; Sabemos que la pasi\u00f3n por crear con nuestras propias manos va m\u00e1s all\u00e1 del resultado, es el mero orgullo de saber que en cada prenda que hacemos, hemos dejado una parte de nosotros mismos, una parte de talento, una de sacrificio, una de cari\u00f1o&#8230; Queremos que aqu\u00ed encontr\u00e9is todo lo necesario para empezar a disfrutar con vuestras propias creaciones, y por ello, tened la confianza que no os faltar\u00e1n tutoriales de costura, truquitos, recomendaciones y todo lo que pod\u00e1is imaginar&#8230; por que ademas de un blog, esta es nuestra casa, y esperamos que tambi\u00e9n la vuestra.<\/p>\n\n\n\n<figure class=\"wp-block-image size-large\"><img loading=\"lazy\" decoding=\"async\" width=\"1024\" height=\"768\" src=\"http:\/\/lacucakits.blog\/wp-content\/uploads\/2024\/04\/PHOTO-2024-04-04-10-46-39-1024x768.jpg\" alt=\"\" class=\"wp-image-27\" srcset=\"https:\/\/lacucakits.blog\/wp-content\/uploads\/2024\/04\/PHOTO-2024-04-04-10-46-39-1024x768.jpg 1024w, https:\/\/lacucakits.blog\/wp-content\/uploads\/2024\/04\/PHOTO-2024-04-04-10-46-39-300x225.jpg 300w, https:\/\/lacucakits.blog\/wp-content\/uploads\/2024\/04\/PHOTO-2024-04-04-10-46-39-768x576.jpg 768w, https:\/\/lacucakits.blog\/wp-content\/uploads\/2024\/04\/PHOTO-2024-04-04-10-46-39-1536x1152.jpg 1536w, https:\/\/lacucakits.blog\/wp-content\/uploads\/2024\/04\/PHOTO-2024-04-04-10-46-39.jpg 1600w\" sizes=\"auto, (max-width: 1024px) 100vw, 1024px\" \/><\/figure>\n","protected":false},"excerpt":{"rendered":"<p>Lacucakits nace con la intenci\u00f3n de ser el punto de encuentro y referencia de tod@s los aficionad@s a la costura, al \u00abDo It Yourself\u00bb, al cuidado de nuestra imagen&#8230; Sabemos que la pasi\u00f3n por crear con nuestras propias manos va m\u00e1s all\u00e1 del resultado, es el mero orgullo de saber que en cada prenda que [&hellip;]<\/p>\n","protected":false},"author":1,"featured_media":0,"parent":0,"menu_order":0,"comment_status":"closed","ping_status":"open","template":"","meta":{"footnotes":""},"class_list":["post-2","page","type-page","status-publish","hentry"],"_links":{"self":[{"href":"https:\/\/lacucakits.blog\/index.php?rest_route=\/wp\/v2\/pages\/2","targetHints":{"allow":["GET"]}}],"collection":[{"href":"https:\/\/lacucakits.blog\/index.php?rest_route=\/wp\/v2\/pages"}],"about":[{"href":"https:\/\/lacucakits.blog\/index.php?rest_route=\/wp\/v2\/types\/page"}],"author":[{"embeddable":true,"href":"https:\/\/lacucakits.blog\/index.php?rest_route=\/wp\/v2\/users\/1"}],"replies":[{"embeddable":true,"href":"https:\/\/lacucakits.blog\/index.php?rest_route=%2Fwp%2Fv2%2Fcomments&post=2"}],"version-history":[{"count":5,"href":"https:\/\/lacucakits.blog\/index.php?rest_route=\/wp\/v2\/pages\/2\/revisions"}],"predecessor-version":[{"id":70,"href":"https:\/\/lacucakits.blog\/index.php?rest_route=\/wp\/v2\/pages\/2\/revisions\/70"}],"wp:attachment":[{"href":"https:\/\/lacucakits.blog\/index.php?rest_route=%2Fwp%2Fv2%2Fmedia&parent=2"}],"curies":[{"name":"wp","href":"https:\/\/api.w.org\/{rel}","templated":true}]}}